{"id":1566,"date":"2021-12-21T13:44:17","date_gmt":"2021-12-21T12:44:17","guid":{"rendered":"https:\/\/www.illiade-formation.fr\/dylan\/?page_id=1566"},"modified":"2022-03-04T10:59:47","modified_gmt":"2022-03-04T09:59:47","slug":"qui-sommes-nous2","status":"publish","type":"page","link":"https:\/\/www.illiade-formation.fr\/dylan\/?page_id=1566","title":{"rendered":"Qui sommes-nous"},"content":{"rendered":"<div data-colibri-id=\"1566-c1\" class=\"style-637 style-local-1566-c1 position-relative\">\n  <!---->\n  <div data-colibri-component=\"section\" data-colibri-id=\"1566-c2\" id=\"custom\" class=\"h-section h-section-global-spacing d-flex align-items-lg-center align-items-md-center align-items-center style-638 style-local-1566-c2 position-relative\">\n    <!---->\n    <!---->\n    <div class=\"h-section-grid-container h-section-boxed-container\">\n      <!---->\n      <div data-colibri-id=\"1566-c3\" class=\"h-row-container gutters-row-lg-2 gutters-row-md-2 gutters-row-0 gutters-row-v-lg-2 gutters-row-v-md-2 gutters-row-v-2 style-639 style-local-1566-c3 position-relative\">\n        <!---->\n        <div class=\"h-row justify-content-lg-center justify-content-md-center justify-content-center align-items-lg-stretch align-items-md-stretch align-items-stretch gutters-col-lg-2 gutters-col-md-2 gutters-col-0 gutters-col-v-lg-2 gutters-col-v-md-2 gutters-col-v-2\">\n          <!---->\n          <div class=\"h-column h-column-container d-flex h-col-lg-auto h-col-md-auto h-col-auto style-640-outer style-local-1566-c4-outer\">\n            <div data-colibri-id=\"1566-c4\" class=\"d-flex h-flex-basis h-column__inner h-px-lg-2 h-px-md-2 h-px-2 v-inner-lg-2 v-inner-md-2 v-inner-2 style-640 style-local-1566-c4 position-relative\">\n              <!---->\n              <!---->\n              <div class=\"w-100 h-y-container h-column__content h-column__v-align flex-basis-100 align-self-lg-start align-self-md-start align-self-start\">\n                <!---->\n                <div data-colibri-id=\"1566-c5\" class=\"h-text h-text-component style-641 style-local-1566-c5 position-relative h-element\">\n                  <!---->\n                  <!---->\n                  <div class=\"\">\n                    <p><strong><em>Historique de la structure :&nbsp;<\/em><\/strong><\/p>\n                    <p>ILLIADE FORMATION a commenc\u00e9 son activit\u00e9 le 1er Mars 2009, il s\u2019agit d\u2019une structure associative issue d\u2019un collectif d\u2019anciens salari\u00e9s de Rena\u00eetre Innovation (organisme de formation qui a cess\u00e9 son activit\u00e9 en tant que centre de\n                      formation le 31\/12\/2008 apr\u00e8s 25 ans de pr\u00e9sence sur l\u2019ensemble du d\u00e9partement de la Loire).<\/p>\n                    <p>L\u2019\u00e9quipe est forte de nombreuses ann\u00e9es d\u2019exp\u00e9rience dans l\u2019accompagnement socioprofessionnel.<\/p>\n                    <p>La diversit\u00e9 des cursus (juridique, sciences de l\u2019\u00e9ducation, m\u00e9dico-social, FLE \u2026) ainsi que des parcours professionnels dans des secteurs tr\u00e8s diversifi\u00e9s : secteur public et priv\u00e9 (PME, grande distribution \u2026) entreprises de l\u2019\u00e9conomie\n                      sociale et solidaire ont permis aux formateurs de d\u00e9velopper un r\u00e9seau partenarial et une bonne connaissance du monde de l\u2019entreprise et du march\u00e9 de l\u2019emploi dont ils peuvent faire b\u00e9n\u00e9ficier le public accompagn\u00e9.<\/p>\n                    <p>ILLIADE FORMATION \u0153uvre dans la formation des demandeurs d\u2019emploi et des salari\u00e9s, dans l\u2019orientation professionnelle et la s\u00e9curisation des parcours professionnels par la qualification. Ces missions \u00e9tant r\u00e9alis\u00e9es dans le respect\n                      des valeurs fondatrices.<\/p>\n                    <p><strong><em>Nos valeurs :&nbsp;<\/em><\/strong><\/p>\n                    <p>\u2022Respect des libert\u00e9s de croyance et d\u2019opinion de chacun dans le cadre des lois r\u00e9publicaines\n                      <br>\u2022Lutte contre toutes formes de discrimination et d\u2019exclusion sociale de personnes priv\u00e9es d\u2019emploi ou fragilis\u00e9es par l\u2019\u00e9volution du monde du travail\n                      <br>\u2022\u00catre constamment au service de la promotion sociale, de l\u2019acc\u00e8s \u00e0 l\u2019emploi ou \u00e0 la qualification par la formation professionnelle\n                      <br>\u2022Engagement pour le d\u00e9veloppement durable et les solidarit\u00e9s nouvelles\n                      <br>Ces valeurs sont port\u00e9es par les membres du Conseil d\u2019administration et les salari\u00e9s.<\/p>\n                    <p>Pour les faire vivre, l\u2019Association s\u2019engage dans diff\u00e9rentes d\u00e9marches, notamment :<\/p>\n                    <p>\u2022Politique qualit\u00e9<strong>&nbsp;:<\/strong>&nbsp;Illiade Formation est certifi\u00e9 Qualiopi\n                      <br>\u2022D\u00e9velopper les r\u00e9seaux d\u2019\u00e9changes, de partenariat et de coop\u00e9ration afin de :\n                      <br>\u2013 De favoriser la mutualisation des exp\u00e9riences et des comp\u00e9tences\n                      <br>\u2022D\u00e9velopper les comp\u00e9tences individuelles et collectives<\/p>\n                    <p>Valoriser et d\u00e9velopper les comp\u00e9tences individuelles\u2013 Cr\u00e9er les conditions pour favoriser une r\u00e9flexion collective enrichissante pour les personnes et la structure<\/p>\n                    <p>&nbsp;<strong>Les principales missions d\u2019ILLIADE FORMATION<\/strong><\/p>\n                    <p>\u2022Transmettre des savoirs (savoir-faire, savoir-\u00eatre) visant l\u2019insertion et\/ou l\u2019orientation professionnelle.\n                      <br>\u2022D\u00e9finir ou v\u00e9rifier un projet professionnel.\n                      <br>\u2022Favoriser l\u2019acc\u00e8s \u00e0 l\u2019emploi et\/ou \u00e0 une formation qualifiante.\n                      <br>S\u00e9curiser les parcours professionnels et le d\u00e9veloppement des comp\u00e9tences par l\u2019acquisition des savoirs de base\n                      <br>D\u00e9velopper les comp\u00e9tences transversales : linguistiques, bureautiques, TIC \u2026<\/p>\n                  <\/div>\n                <\/div>\n              <\/div>\n            <\/div>\n          <\/div>\n        <\/div>\n      <\/div>\n    <\/div>\n  <\/div>\n<\/div>","protected":false},"excerpt":{"rendered":"<p>Historique de la structure :&nbsp; ILLIADE FORMATION a commenc\u00e9 son activit\u00e9 le 1er Mars 2009, il s\u2019agit d\u2019une structure associative issue d\u2019un collectif d\u2019anciens salari\u00e9s de Rena\u00eetre Innovation (organisme de formation qui a cess\u00e9 son activit\u00e9 en tant que centre de formation le 31\/12\/2008 apr\u00e8s 25 ans de pr\u00e9sence sur l\u2019ensemble du d\u00e9partement de la [&hellip;]<\/p>\n","protected":false},"author":1,"featured_media":0,"parent":0,"menu_order":0,"comment_status":"closed","ping_status":"closed","template":"page-templates\/full-width-page.php","meta":{"footnotes":""},"class_list":["post-1566","page","type-page","status-publish","hentry"],"_links":{"self":[{"href":"https:\/\/www.illiade-formation.fr\/dylan\/index.php?rest_route=\/wp\/v2\/pages\/1566","targetHints":{"allow":["GET"]}}],"collection":[{"href":"https:\/\/www.illiade-formation.fr\/dylan\/index.php?rest_route=\/wp\/v2\/pages"}],"about":[{"href":"https:\/\/www.illiade-formation.fr\/dylan\/index.php?rest_route=\/wp\/v2\/types\/page"}],"author":[{"embeddable":true,"href":"https:\/\/www.illiade-formation.fr\/dylan\/index.php?rest_route=\/wp\/v2\/users\/1"}],"replies":[{"embeddable":true,"href":"https:\/\/www.illiade-formation.fr\/dylan\/index.php?rest_route=%2Fwp%2Fv2%2Fcomments&post=1566"}],"version-history":[{"count":6,"href":"https:\/\/www.illiade-formation.fr\/dylan\/index.php?rest_route=\/wp\/v2\/pages\/1566\/revisions"}],"predecessor-version":[{"id":3104,"href":"https:\/\/www.illiade-formation.fr\/dylan\/index.php?rest_route=\/wp\/v2\/pages\/1566\/revisions\/3104"}],"wp:attachment":[{"href":"https:\/\/www.illiade-formation.fr\/dylan\/index.php?rest_route=%2Fwp%2Fv2%2Fmedia&parent=1566"}],"curies":[{"name":"wp","href":"https:\/\/api.w.org\/{rel}","templated":true}]}}