{"id":3308,"date":"2022-03-24T11:26:34","date_gmt":"2022-03-24T10:26:34","guid":{"rendered":"https:\/\/www.illiade-formation.fr\/dylan\/?page_id=3308"},"modified":"2022-04-12T15:39:31","modified_gmt":"2022-04-12T13:39:31","slug":"dispositif-l-o-i-r-e-test","status":"publish","type":"page","link":"https:\/\/www.illiade-formation.fr\/dylan\/?page_id=3308","title":{"rendered":"Dispositif L.O.I.R.E Test"},"content":{"rendered":"<div data-colibri-id=\"3308-c1\" class=\"style-857 style-local-3308-c1 position-relative\">\r\n  <!---->\r\n  <div data-colibri-component=\"section\" data-colibri-id=\"3308-c2\" id=\"features\" class=\"h-section h-section-global-spacing d-flex align-items-lg-center align-items-md-center align-items-center style-883 style-local-3308-c2 position-relative\">\r\n    <!---->\r\n    <!---->\r\n    <div class=\"h-section-grid-container h-section-boxed-container\">\r\n      <div data-colibri-id=\"3308-c32\" class=\"h-row-container gutters-row-lg-2 gutters-row-md-2 gutters-row-0 gutters-row-v-lg-2 gutters-row-v-md-2 gutters-row-v-2 style-892 style-local-3308-c32 position-relative\">\r\n        <!---->\r\n        <div class=\"h-row justify-content-lg-center justify-content-md-center justify-content-center align-items-lg-stretch align-items-md-stretch align-items-stretch gutters-col-lg-2 gutters-col-md-2 gutters-col-0 gutters-col-v-lg-2 gutters-col-v-md-2 gutters-col-v-2\">\r\n          <!---->\r\n          <div class=\"h-column h-column-container d-flex h-col-lg-auto h-col-md-auto h-col-auto style-893-outer style-local-3308-c33-outer\">\r\n            <div data-colibri-id=\"3308-c33\" class=\"d-flex h-flex-basis h-column__inner h-px-lg-2 h-px-md-2 h-px-2 v-inner-lg-2 v-inner-md-2 v-inner-2 style-893 style-local-3308-c33 position-relative\">\r\n              <!---->\r\n              <!---->\r\n              <div class=\"w-100 h-y-container h-column__content h-column__v-align flex-basis-100 align-self-lg-start align-self-md-start align-self-start\">\r\n                <!---->\r\n                <div data-colibri-id=\"3308-c34\" class=\"h-global-transition-all h-heading style-894 style-local-3308-c34 position-relative h-element\">\r\n                  <!---->\r\n                  <div class=\"h-heading__outer style-894 style-local-3308-c34\">\r\n                    <!---->\r\n                    <!---->\r\n                    <h2 class=\"\">Accompagnement individuel dispositif Loire<\/h2>\r\n                  <\/div>\r\n                <\/div>\r\n              <\/div>\r\n            <\/div>\r\n          <\/div>\r\n        <\/div>\r\n      <\/div>\r\n      <div data-colibri-id=\"3308-c3\" class=\"h-row-container gutters-row-lg-2 gutters-row-md-2 gutters-row-2 gutters-row-v-lg-2 gutters-row-v-md-2 gutters-row-v-2 style-884 style-local-3308-c3 position-relative\">\r\n        <!---->\r\n        <div class=\"h-row justify-content-lg-center justify-content-md-center justify-content-center align-items-lg-stretch align-items-md-stretch align-items-stretch gutters-col-lg-2 gutters-col-md-2 gutters-col-2 gutters-col-v-lg-2 gutters-col-v-md-2 gutters-col-v-2\">\r\n          <!---->\r\n          <div class=\"h-column h-column-container d-flex h-col-lg-6 h-col-md-6 h-col-12 style-885-outer style-local-3308-c4-outer\">\r\n            <div data-colibri-id=\"3308-c4\" class=\"d-flex h-flex-basis h-column__inner h-px-lg-0 h-px-md-0 h-px-2 v-inner-lg-0 v-inner-md-0 v-inner-2 style-885 style-local-3308-c4 position-relative\">\r\n              <!---->\r\n              <!---->\r\n              <div class=\"w-100 h-y-container h-column__content h-column__v-align flex-basis-100 align-self-lg-start align-self-md-start align-self-start\">\r\n                <!---->\r\n                <div data-colibri-id=\"3308-c5\" class=\"h-row-container gutters-row-lg-1 gutters-row-md-1 gutters-row-0 gutters-row-v-lg-1 gutters-row-v-md-1 gutters-row-v-2 style-886 style-local-3308-c5 position-relative\">\r\n                  <!---->\r\n                  <div class=\"h-row justify-content-lg-center justify-content-md-center justify-content-center align-items-lg-stretch align-items-md-stretch align-items-stretch gutters-col-lg-1 gutters-col-md-1 gutters-col-0 gutters-col-v-lg-1 gutters-col-v-md-1 gutters-col-v-2\">\r\n                    <!---->\r\n                    <div class=\"h-column h-column-container d-flex h-col-lg-auto h-col-md-auto h-col-auto style-887-outer style-local-3308-c6-outer\">\r\n                      <div data-colibri-id=\"3308-c6\" class=\"d-flex h-flex-basis h-column__inner h-px-lg-1 h-px-md-1 h-px-1 v-inner-lg-1 v-inner-md-1 v-inner-1 style-887 style-local-3308-c6 position-relative\">\r\n                        <!---->\r\n                        <!---->\r\n                        <div class=\"w-100 h-y-container h-column__content h-column__v-align flex-basis-auto align-self-lg-start align-self-md-start align-self-start\">\r\n                          <!---->\r\n                          <div data-colibri-id=\"3308-c7\" class=\"h-icon style-888 style-local-3308-c7 position-relative h-element\">\r\n                            <!----><span class=\"h-svg-icon h-icon__icon style-888-icon style-local-3308-c7-icon\"><!--Icon by Font Awesome (https:\/\/fontawesome.com)--><svg version=\"1.1\" xmlns=\"http:\/\/www.w3.org\/2000\/svg\" xmlns:xlink=\"http:\/\/www.w3.org\/1999\/xlink\" id=\"user\" viewBox=\"0 0 1354.8114 1896.0833\"><path d=\"M1280 1399q0 109-62.5 187t-150.5 78H213q-88 0-150.5-78T0 1399q0-85 8.5-160.5t31.5-152 58.5-131 94-89T327 832q131 128 313 128t313-128q76 0 134.5 34.5t94 89 58.5 131 31.5 152 8.5 160.5zm-256-887q0 159-112.5 271.5T640 896 368.5 783.5 256 512t112.5-271.5T640 128t271.5 112.5T1024 512z\"><\/path><\/svg><\/span><\/div>\r\n                        <\/div>\r\n                      <\/div>\r\n                    <\/div>\r\n                    <div class=\"h-column h-column-container d-flex h-col-lg h-col-md h-col-auto style-889-outer style-local-3308-c8-outer\">\r\n                      <div data-colibri-id=\"3308-c8\" class=\"d-flex h-flex-basis h-column__inner h-px-lg-1 h-px-md-1 h-px-1 v-inner-lg-1 v-inner-md-1 v-inner-1 style-889 style-local-3308-c8 position-relative\">\r\n                        <!---->\r\n                        <!---->\r\n                        <div class=\"w-100 h-y-container h-column__content h-column__v-align flex-basis-100 align-self-lg-start align-self-md-start align-self-start\">\r\n                          <!---->\r\n                          <div data-colibri-id=\"3308-c9\" class=\"h-global-transition-all h-heading style-890 style-local-3308-c9 position-relative h-element\">\r\n                            <!---->\r\n                            <div class=\"h-heading__outer style-890 style-local-3308-c9\">\r\n                              <!---->\r\n                              <!---->\r\n                              <h5 class=\"\">Pour quel public ?<\/h5>\r\n                            <\/div>\r\n                          <\/div>\r\n                          <div data-colibri-id=\"3308-c10\" class=\"h-text h-text-component style-891 style-local-3308-c10 position-relative h-element\">\r\n                            <!---->\r\n                            <!---->\r\n                            <div class=\"\">\r\n                              <p>Le dispositif LOIRE accompagne les b\u00e9n\u00e9ficiaires du RSA et les demandeurs d&#8217;emploi ( du territoire m\u00e9tropolitain)<\/p>\r\n                            <\/div>\r\n                          <\/div>\r\n                        <\/div>\r\n                      <\/div>\r\n                    <\/div>\r\n                  <\/div>\r\n                <\/div>\r\n              <\/div>\r\n            <\/div>\r\n          <\/div>\r\n          <div class=\"h-column h-column-container d-flex h-col-lg-6 h-col-md-6 h-col-12 style-885-outer style-local-3308-c11-outer\">\r\n            <div data-colibri-id=\"3308-c11\" class=\"d-flex h-flex-basis h-column__inner h-px-lg-0 h-px-md-0 h-px-2 v-inner-lg-0 v-inner-md-0 v-inner-2 style-885 style-local-3308-c11 position-relative\">\r\n              <!---->\r\n              <!---->\r\n              <div class=\"w-100 h-y-container h-column__content h-column__v-align flex-basis-100 align-self-lg-start align-self-md-start align-self-start\">\r\n                <!---->\r\n                <div data-colibri-id=\"3308-c12\" class=\"h-row-container gutters-row-lg-1 gutters-row-md-1 gutters-row-0 gutters-row-v-lg-1 gutters-row-v-md-1 gutters-row-v-2 style-886 style-local-3308-c12 position-relative\">\r\n                  <!---->\r\n                  <div class=\"h-row justify-content-lg-center justify-content-md-center justify-content-center align-items-lg-stretch align-items-md-stretch align-items-stretch gutters-col-lg-1 gutters-col-md-1 gutters-col-0 gutters-col-v-lg-1 gutters-col-v-md-1 gutters-col-v-2\">\r\n                    <!---->\r\n                    <div class=\"h-column h-column-container d-flex h-col-lg-auto h-col-md-auto h-col-auto style-887-outer style-local-3308-c13-outer\">\r\n                      <div data-colibri-id=\"3308-c13\" class=\"d-flex h-flex-basis h-column__inner h-px-lg-1 h-px-md-1 h-px-1 v-inner-lg-1 v-inner-md-1 v-inner-1 style-887 style-local-3308-c13 position-relative\">\r\n                        <!---->\r\n                        <!---->\r\n                        <div class=\"w-100 h-y-container h-column__content h-column__v-align flex-basis-auto align-self-lg-start align-self-md-start align-self-start\">\r\n                          <!---->\r\n                          <div data-colibri-id=\"3308-c14\" class=\"h-icon style-888 style-local-3308-c14 position-relative h-element\">\r\n                            <!----><span class=\"h-svg-icon h-icon__icon style-888-icon style-local-3308-c14-icon\"><!--Icon by Font Awesome (https:\/\/fontawesome.com)--><svg version=\"1.1\" xmlns=\"http:\/\/www.w3.org\/2000\/svg\" xmlns:xlink=\"http:\/\/www.w3.org\/1999\/xlink\" id=\"clock-o\" viewBox=\"0 0 1536 1896.0833\"><path d=\"M896 544v448q0 14-9 23t-23 9H544q-14 0-23-9t-9-23v-64q0-14 9-23t23-9h224V544q0-14 9-23t23-9h64q14 0 23 9t9 23zm416 352q0-148-73-273t-198-198-273-73-273 73-198 198-73 273 73 273 198 198 273 73 273-73 198-198 73-273zm224 0q0 209-103 385.5T1153.5 1561 768 1664t-385.5-103T103 1281.5 0 896t103-385.5T382.5 231 768 128t385.5 103T1433 510.5 1536 896z\"><\/path><\/svg><\/span><\/div>\r\n                        <\/div>\r\n                      <\/div>\r\n                    <\/div>\r\n                    <div class=\"h-column h-column-container d-flex h-col-lg h-col-md h-col-auto style-889-outer style-local-3308-c15-outer\">\r\n                      <div data-colibri-id=\"3308-c15\" class=\"d-flex h-flex-basis h-column__inner h-px-lg-1 h-px-md-1 h-px-1 v-inner-lg-1 v-inner-md-1 v-inner-1 style-889 style-local-3308-c15 position-relative\">\r\n                        <!---->\r\n                        <!---->\r\n                        <div class=\"w-100 h-y-container h-column__content h-column__v-align flex-basis-100 align-self-lg-start align-self-md-start align-self-start\">\r\n                          <!---->\r\n                          <div data-colibri-id=\"3308-c16\" class=\"h-global-transition-all h-heading style-890 style-local-3308-c16 position-relative h-element\">\r\n                            <!---->\r\n                            <div class=\"h-heading__outer style-890 style-local-3308-c16\">\r\n                              <!---->\r\n                              <!---->\r\n                              <h5 class=\"\">Combien de temps dure l&#8217;accompagnement ?<\/h5>\r\n                            <\/div>\r\n                          <\/div>\r\n                          <div data-colibri-id=\"3308-c17\" class=\"h-text h-text-component style-891 style-local-3308-c17 position-relative h-element\">\r\n                            <!---->\r\n                            <!---->\r\n                            <div class=\"\">\r\n                              <p>Les demandeurs d&#8217;emploi signent un Contrat d&#8217;engagement r\u00e9ciproque de 12 mois.\r\n                                <br>Les b\u00e9n\u00e9ficiaires du RSA ont une obligation d&#8217;accompagnement.<\/p>\r\n                            <\/div>\r\n                          <\/div>\r\n                        <\/div>\r\n                      <\/div>\r\n                    <\/div>\r\n                  <\/div>\r\n                <\/div>\r\n              <\/div>\r\n            <\/div>\r\n          <\/div>\r\n          <div class=\"h-column h-column-container d-flex h-col-lg-6 h-col-md-6 h-col-12 style-885-outer style-local-3308-c18-outer\">\r\n            <div data-colibri-id=\"3308-c18\" class=\"d-flex h-flex-basis h-column__inner h-px-lg-0 h-px-md-0 h-px-2 v-inner-lg-0 v-inner-md-0 v-inner-2 style-885 style-local-3308-c18 position-relative\">\r\n              <!---->\r\n              <!---->\r\n              <div class=\"w-100 h-y-container h-column__content h-column__v-align flex-basis-100 align-self-lg-start align-self-md-start align-self-start\">\r\n                <!---->\r\n                <div data-colibri-id=\"3308-c19\" class=\"h-row-container gutters-row-lg-1 gutters-row-md-1 gutters-row-0 gutters-row-v-lg-1 gutters-row-v-md-1 gutters-row-v-2 style-886 style-local-3308-c19 position-relative\">\r\n                  <!---->\r\n                  <div class=\"h-row justify-content-lg-center justify-content-md-center justify-content-center align-items-lg-stretch align-items-md-stretch align-items-stretch gutters-col-lg-1 gutters-col-md-1 gutters-col-0 gutters-col-v-lg-1 gutters-col-v-md-1 gutters-col-v-2\">\r\n                    <!---->\r\n                    <div class=\"h-column h-column-container d-flex h-col-lg-auto h-col-md-auto h-col-auto style-887-outer style-local-3308-c20-outer\">\r\n                      <div data-colibri-id=\"3308-c20\" class=\"d-flex h-flex-basis h-column__inner h-px-lg-1 h-px-md-1 h-px-1 v-inner-lg-1 v-inner-md-1 v-inner-1 style-887 style-local-3308-c20 position-relative\">\r\n                        <!---->\r\n                        <!---->\r\n                        <div class=\"w-100 h-y-container h-column__content h-column__v-align flex-basis-auto align-self-lg-start align-self-md-start align-self-start\">\r\n                          <!---->\r\n                          <div data-colibri-id=\"3308-c21\" class=\"h-icon style-888 style-local-3308-c21 position-relative h-element\">\r\n                            <!----><span class=\"h-svg-icon h-icon__icon style-888-icon style-local-3308-c21-icon\"><!--Icon by Font Awesome (https:\/\/fontawesome.com)--><svg version=\"1.1\" xmlns=\"http:\/\/www.w3.org\/2000\/svg\" xmlns:xlink=\"http:\/\/www.w3.org\/1999\/xlink\" id=\"check\" viewBox=\"0 0 1792 1896.0833\"><path d=\"M1671 566q0 40-28 68l-724 724-136 136q-28 28-68 28t-68-28l-136-136-362-362q-28-28-28-68t28-68l136-136q28-28 68-28t68 28l294 295 656-657q28-28 68-28t68 28l136 136q28 28 28 68z\"><\/path><\/svg><\/span><\/div>\r\n                        <\/div>\r\n                      <\/div>\r\n                    <\/div>\r\n                    <div class=\"h-column h-column-container d-flex h-col-lg h-col-md h-col-auto style-889-outer style-local-3308-c22-outer\">\r\n                      <div data-colibri-id=\"3308-c22\" class=\"d-flex h-flex-basis h-column__inner h-px-lg-1 h-px-md-1 h-px-1 v-inner-lg-1 v-inner-md-1 v-inner-1 style-889 style-local-3308-c22 position-relative\">\r\n                        <!---->\r\n                        <!---->\r\n                        <div class=\"w-100 h-y-container h-column__content h-column__v-align flex-basis-100 align-self-lg-start align-self-md-start align-self-start\">\r\n                          <!---->\r\n                          <div data-colibri-id=\"3308-c23\" class=\"h-global-transition-all h-heading style-890 style-local-3308-c23 position-relative h-element\">\r\n                            <!---->\r\n                            <div class=\"h-heading__outer style-890 style-local-3308-c23\">\r\n                              <!---->\r\n                              <!---->\r\n                              <h5 class=\"\">Quels sont les objectifs de l&#8217;accompagnement ?<\/h5>\r\n                            <\/div>\r\n                          <\/div>\r\n                          <div data-colibri-id=\"3308-c24\" class=\"h-text h-text-component style-891 style-local-3308-c24 position-relative h-element\">\r\n                            <!---->\r\n                            <!---->\r\n                            <div class=\"\">\r\n                              <p>Les r\u00e9f\u00e9rents du dispositif accompagnent les b\u00e9n\u00e9ficiaires dans leurs d\u00e9marches socio-professionnelles.\r\n                                <br>Ces d\u00e9marches comprennent la recherche d&#8217;emploi et\/ou de formation, la r\u00e9solution de probl\u00e8mes sociaux<\/p>\r\n                            <\/div>\r\n                          <\/div>\r\n                        <\/div>\r\n                      <\/div>\r\n                    <\/div>\r\n                  <\/div>\r\n                <\/div>\r\n              <\/div>\r\n            <\/div>\r\n          <\/div>\r\n        <\/div>\r\n      <\/div>\r\n    <\/div>\r\n  <\/div>\r\n<\/div>","protected":false},"excerpt":{"rendered":"<p>Accompagnement individuel dispositif Loire Pour quel public ? Le dispositif LOIRE accompagne les b\u00e9n\u00e9ficiaires du RSA et les demandeurs d&#8217;emploi ( du territoire m\u00e9tropolitain) Combien de temps dure l&#8217;accompagnement ? Les demandeurs d&#8217;emploi signent un Contrat d&#8217;engagement r\u00e9ciproque de 12 mois. Les b\u00e9n\u00e9ficiaires du RSA ont une obligation d&#8217;accompagnement. Quels sont les objectifs de l&#8217;accompagnement [&hellip;]<\/p>\n","protected":false},"author":1,"featured_media":0,"parent":0,"menu_order":0,"comment_status":"closed","ping_status":"closed","template":"page-templates\/full-width-page.php","meta":{"footnotes":""},"class_list":["post-3308","page","type-page","status-publish","hentry"],"_links":{"self":[{"href":"https:\/\/www.illiade-formation.fr\/dylan\/index.php?rest_route=\/wp\/v2\/pages\/3308","targetHints":{"allow":["GET"]}}],"collection":[{"href":"https:\/\/www.illiade-formation.fr\/dylan\/index.php?rest_route=\/wp\/v2\/pages"}],"about":[{"href":"https:\/\/www.illiade-formation.fr\/dylan\/index.php?rest_route=\/wp\/v2\/types\/page"}],"author":[{"embeddable":true,"href":"https:\/\/www.illiade-formation.fr\/dylan\/index.php?rest_route=\/wp\/v2\/users\/1"}],"replies":[{"embeddable":true,"href":"https:\/\/www.illiade-formation.fr\/dylan\/index.php?rest_route=%2Fwp%2Fv2%2Fcomments&post=3308"}],"version-history":[{"count":8,"href":"https:\/\/www.illiade-formation.fr\/dylan\/index.php?rest_route=\/wp\/v2\/pages\/3308\/revisions"}],"predecessor-version":[{"id":3378,"href":"https:\/\/www.illiade-formation.fr\/dylan\/index.php?rest_route=\/wp\/v2\/pages\/3308\/revisions\/3378"}],"wp:attachment":[{"href":"https:\/\/www.illiade-formation.fr\/dylan\/index.php?rest_route=%2Fwp%2Fv2%2Fmedia&parent=3308"}],"curies":[{"name":"wp","href":"https:\/\/api.w.org\/{rel}","templated":true}]}}