{"id":589,"date":"2021-12-02T11:52:50","date_gmt":"2021-12-02T10:52:50","guid":{"rendered":"https:\/\/www.illiade-formation.fr\/dylan\/?page_id=589"},"modified":"2022-04-11T14:45:32","modified_gmt":"2022-04-11T12:45:32","slug":"nos-equipe","status":"publish","type":"page","link":"https:\/\/www.illiade-formation.fr\/dylan\/?page_id=589","title":{"rendered":"Notre \u00e9quipe"},"content":{"rendered":"<div data-colibri-id=\"589-c1\" class=\"style-202 style-local-589-c1 position-relative\">\n  <!---->\n  <div data-colibri-component=\"section\" data-colibri-id=\"589-c2\" id=\"team\" class=\"h-section h-section-global-spacing d-flex align-items-lg-center align-items-md-center align-items-center style-642 style-local-589-c2 position-relative\">\n    <!---->\n    <!---->\n    <div class=\"h-section-grid-container h-section-boxed-container\">\n      <!---->\n      <div data-colibri-id=\"589-c3\" class=\"h-row-container gutters-row-lg-2 gutters-row-md-2 gutters-row-0 gutters-row-v-lg-2 gutters-row-v-md-2 gutters-row-v-2 style-643 style-local-589-c3 position-relative\">\n        <!---->\n        <div class=\"h-row justify-content-lg-center justify-content-md-center justify-content-center align-items-lg-stretch align-items-md-stretch align-items-stretch gutters-col-lg-2 gutters-col-md-2 gutters-col-0 gutters-col-v-lg-2 gutters-col-v-md-2 gutters-col-v-2\">\n          <!---->\n          <div class=\"h-column h-column-container d-flex h-col-lg-3 h-col-md-6 h-col-12 style-644-outer style-local-589-c4-outer\">\n            <div data-colibri-id=\"589-c4\" class=\"d-flex h-flex-basis h-column__inner h-px-lg-0 h-px-md-0 h-px-0 v-inner-lg-0 v-inner-md-0 v-inner-0 style-644 style-local-589-c4 position-relative\">\n              <!---->\n              <!---->\n              <div class=\"w-100 h-y-container h-column__content h-column__v-align flex-basis-100 align-self-lg-start align-self-md-start align-self-start\">\n                <!---->\n                <div data-colibri-id=\"589-c5\" class=\"d-block style-645 style-local-589-c5 position-relative h-element\">\n                  <!---->\n                  <div class=\"h-image__frame-container-outer\">\n                    <div class=\"h-image__frame-container\">\n                      <!---->\n                      <!---->\n                      <img loading=\"lazy\" decoding=\"async\" width=\"221\" height=\"228\" src=\"https:\/\/www.illiade-formation.fr\/dylan\/wp-content\/uploads\/2021\/12\/telechargement.png\" class=\"wp-image-1386 style-645-image style-local-589-c5-image\" alt=\"\" \/>\n                      <div class=\"h-image__frame h-hide-lg h-hide-md h-hide-sm style-645-frameImage style-local-589-c5-frameImage\"><\/div>\n                    <\/div>\n                  <\/div>\n                <\/div>\n                <div data-colibri-id=\"589-c6\" class=\"h-global-transition-all h-heading style-646 style-local-589-c6 position-relative h-element\">\n                  <!---->\n                  <div class=\"h-heading__outer style-646 style-local-589-c6\">\n                    <!---->\n                    <!---->\n                    <h4 class=\"\">Cindy ANASTASSIOS<\/h4>\n                  <\/div>\n                <\/div>\n                <div data-colibri-id=\"589-c7\" class=\"h-text h-text-component style-647 style-local-589-c7 position-relative h-element\">\n                  <!---->\n                  <!---->\n                  <div class=\"\">\n                    <p>Directrice<\/p>\n                  <\/div>\n                <\/div>\n              <\/div>\n            <\/div>\n          <\/div>\n          <div class=\"h-column h-column-container d-flex h-col-lg-3 h-col-md-6 h-col-12 style-644-outer style-local-589-c8-outer\">\n            <div data-colibri-id=\"589-c8\" class=\"d-flex h-flex-basis h-column__inner h-px-lg-0 h-px-md-0 h-px-0 v-inner-lg-0 v-inner-md-0 v-inner-0 style-644 style-local-589-c8 position-relative\">\n              <!---->\n              <!---->\n              <div class=\"w-100 h-y-container h-column__content h-column__v-align flex-basis-100 align-self-lg-start align-self-md-start align-self-start\">\n                <!---->\n                <div data-colibri-id=\"589-c9\" class=\"d-block style-650 style-local-589-c9 position-relative h-element\">\n                  <!---->\n                  <div class=\"h-image__frame-container-outer\">\n                    <div class=\"h-image__frame-container\">\n                      <!---->\n                      <!---->\n                      <img loading=\"lazy\" decoding=\"async\" width=\"221\" height=\"228\" src=\"https:\/\/www.illiade-formation.fr\/dylan\/wp-content\/uploads\/2021\/12\/telechargement.png\" class=\"wp-image-1386 style-650-image style-local-589-c9-image\" alt=\"\" \/>\n                      <div class=\"h-image__frame h-hide-lg h-hide-md h-hide-sm style-650-frameImage style-local-589-c9-frameImage\"><\/div>\n                    <\/div>\n                  <\/div>\n                <\/div>\n                <div data-colibri-id=\"589-c10\" class=\"h-global-transition-all h-heading style-646 style-local-589-c10 position-relative h-element\">\n                  <!---->\n                  <div class=\"h-heading__outer style-646 style-local-589-c10\">\n                    <!---->\n                    <!---->\n                    <h4 class=\"\">Cyril MONTET<\/h4>\n                  <\/div>\n                <\/div>\n                <div data-colibri-id=\"589-c11\" class=\"h-text h-text-component style-647 style-local-589-c11 position-relative h-element\">\n                  <!---->\n                  <!---->\n                  <div class=\"\">\n                    <p>Coordonnateur p\u00e9dagogique<\/p>\n                  <\/div>\n                <\/div>\n              <\/div>\n            <\/div>\n          <\/div>\n          <div class=\"h-column h-column-container d-flex h-col-lg-3 h-col-md-6 h-col-12 style-644-outer style-local-589-c12-outer\">\n            <div data-colibri-id=\"589-c12\" class=\"d-flex h-flex-basis h-column__inner h-px-lg-0 h-px-md-0 h-px-0 v-inner-lg-0 v-inner-md-0 v-inner-0 style-644 style-local-589-c12 position-relative\">\n              <!---->\n              <!---->\n              <div class=\"w-100 h-y-container h-column__content h-column__v-align flex-basis-100 align-self-lg-start align-self-md-start align-self-start\">\n                <!---->\n                <div data-colibri-id=\"589-c13\" class=\"d-block style-652 style-local-589-c13 position-relative h-element\">\n                  <!---->\n                  <div class=\"h-image__frame-container-outer\">\n                    <div class=\"h-image__frame-container\">\n                      <!---->\n                      <!---->\n                      <img loading=\"lazy\" decoding=\"async\" width=\"221\" height=\"228\" src=\"https:\/\/www.illiade-formation.fr\/dylan\/wp-content\/uploads\/2021\/12\/telechargement.png\" class=\"wp-image-1386 style-652-image style-local-589-c13-image\" alt=\"\" \/>\n                      <div class=\"h-image__frame h-hide-lg h-hide-md h-hide-sm style-652-frameImage style-local-589-c13-frameImage\"><\/div>\n                    <\/div>\n                  <\/div>\n                <\/div>\n                <div data-colibri-id=\"589-c14\" class=\"h-global-transition-all h-heading style-646 style-local-589-c14 position-relative h-element\">\n                  <!---->\n                  <div class=\"h-heading__outer style-646 style-local-589-c14\">\n                    <!---->\n                    <!---->\n                    <h4 class=\"\">S\u00e9bastien MONTES<\/h4>\n                  <\/div>\n                <\/div>\n                <div data-colibri-id=\"589-c15\" class=\"h-text h-text-component style-647 style-local-589-c15 position-relative h-element\">\n                  <!---->\n                  <!---->\n                  <div class=\"\">\n                    <p>Coordonnateur r\u00e9f\u00e9rent de parcours RSA \/ Charg\u00e9 de projet<\/p>\n                  <\/div>\n                <\/div>\n              <\/div>\n            <\/div>\n          <\/div>\n          <div class=\"h-column h-column-container d-flex h-col-lg-3 h-col-md-6 h-col-12 style-644-outer style-local-589-c16-outer\">\n            <div data-colibri-id=\"589-c16\" class=\"d-flex h-flex-basis h-column__inner h-px-lg-0 h-px-md-0 h-px-0 v-inner-lg-0 v-inner-md-0 v-inner-0 style-644 style-local-589-c16 position-relative\">\n              <!---->\n              <!---->\n              <div class=\"w-100 h-y-container h-column__content h-column__v-align flex-basis-100 align-self-lg-start align-self-md-start align-self-start\">\n                <!---->\n                <div data-colibri-id=\"589-c17\" class=\"d-block style-654 style-local-589-c17 position-relative h-element\">\n                  <!---->\n                  <div class=\"h-image__frame-container-outer\">\n                    <div class=\"h-image__frame-container\">\n                      <!---->\n                      <!---->\n                      <img loading=\"lazy\" decoding=\"async\" width=\"221\" height=\"228\" src=\"https:\/\/www.illiade-formation.fr\/dylan\/wp-content\/uploads\/2021\/12\/telechargement.png\" class=\"wp-image-1386 style-654-image style-local-589-c17-image\" alt=\"\" \/>\n                      <div class=\"h-image__frame h-hide-lg h-hide-md h-hide-sm style-654-frameImage style-local-589-c17-frameImage\"><\/div>\n                    <\/div>\n                  <\/div>\n                <\/div>\n                <div data-colibri-id=\"589-c18\" class=\"h-global-transition-all h-heading style-646 style-local-589-c18 position-relative h-element\">\n                  <!---->\n                  <div class=\"h-heading__outer style-646 style-local-589-c18\">\n                    <!---->\n                    <!---->\n                    <h4 class=\"\">Ga\u00eblle BERNE<\/h4>\n                  <\/div>\n                <\/div>\n                <div data-colibri-id=\"589-c19\" class=\"h-text h-text-component style-647 style-local-589-c19 position-relative h-element\">\n                  <!---->\n                  <!---->\n                  <div class=\"\">\n                    <p>Secr\u00e9taire administrative<\/p>\n                  <\/div>\n                <\/div>\n              <\/div>\n            <\/div>\n          <\/div>\n        <\/div>\n      <\/div>\n      <div data-colibri-id=\"589-c20\" class=\"h-row-container gutters-row-lg-2 gutters-row-md-2 gutters-row-0 gutters-row-v-lg-2 gutters-row-v-md-2 gutters-row-v-2 style-854 style-local-589-c20 position-relative\">\n        <!---->\n        <div class=\"h-row justify-content-lg-center justify-content-md-center justify-content-center align-items-lg-stretch align-items-md-stretch align-items-stretch gutters-col-lg-2 gutters-col-md-2 gutters-col-0 gutters-col-v-lg-2 gutters-col-v-md-2 gutters-col-v-2\">\n          <!---->\n          <div class=\"h-column h-column-container d-flex h-col-lg-auto h-col-md-auto h-col-auto style-855-outer style-local-589-c21-outer\">\n            <div data-colibri-id=\"589-c21\" class=\"d-flex h-flex-basis h-column__inner h-px-lg-2 h-px-md-2 h-px-2 v-inner-lg-2 v-inner-md-2 v-inner-2 style-855 style-local-589-c21 position-relative\">\n              <!---->\n              <!---->\n              <div class=\"w-100 h-y-container h-column__content h-column__v-align flex-basis-100 align-self-lg-start align-self-md-start align-self-start\">\n                <!---->\n                <div data-colibri-id=\"589-c22\" class=\"h-text h-text-component style-856 style-local-589-c22 position-relative h-element\">\n                  <!---->\n                  <!---->\n                  <div class=\"\">\n                    <p>Accompagnant sociaux :<\/p>\n                    <p>\u2013 Ana\u00efs VIROL\n                      <br> \u2013 Charles PINCHART\n                      <br> \u2013 Sylvie FRAGNE<\/p>\n                    <p>Formateurs :\n                      <br>\u2013 Timoth\u00e9e LOUBIER\n                      <br>\u2013 Eric SELMA\n                      <br>\u2013 Axelle EQUIS\n                      <br>\u2013 Magali FANGET\n                      <br>\u2013 Pascale BLONDELLE\n                      <br>\u2013 Mich\u00e8le TIBLIER\n                      <br>\u2013 Fabrice BROCARD\n                      <br>\u2013 Jean-Charles MORILLON\n                      <br>\u2013 R\u00e9gine SENECLAUZE\n                      <br>\u2013 Catherine BLANC\n                      <br><span style=\"font-weight: 400; font-size: 16px; font-family: &quot;Open Sans&quot;; color: rgb(51, 51, 51);\">\u2013 B\u00e9atrice CAILLET<\/span>\n                      <br>\n                    <\/p>\n                    <p>Equipe technique :\n                      <br><span style=\"font-weight: 400; font-size: 16px; font-family: &quot;Open Sans&quot;; color: rgb(102, 102, 102);\">\u2013<\/span>Thierry PARIZY\n                      <br><span style=\"font-weight: 400; font-size: 16px; font-family: &quot;Open Sans&quot;; color: rgb(102, 102, 102);\">\u2013<\/span>Dylan LATOUR<\/p>\n                    <p>R\u00e9f\u00e9rents de parcours RSA :\n                      <br><span style=\"font-weight: 400; font-size: 16px; font-family: &quot;Open Sans&quot;; color: rgb(102, 102, 102);\">\u2013<\/span>Audrey CHAVOT\n                      <br><span style=\"font-weight: 400; font-size: 16px; font-family: &quot;Open Sans&quot;; color: rgb(102, 102, 102);\">\u2013<\/span>Adeline VALLON\n                      <br><span style=\"font-weight: 400; font-size: 16px; font-family: &quot;Open Sans&quot;; color: rgb(102, 102, 102);\">\u2013<\/span>M\u00e9lanie PARIZY\n                      <br><span style=\"font-weight: 400; font-size: 16px; font-family: &quot;Open Sans&quot;; color: rgb(102, 102, 102);\">\u2013<\/span>Martine BRIAT\n                      <br><span style=\"font-weight: 400; font-size: 16px; font-family: &quot;Open Sans&quot;; color: rgb(102, 102, 102);\">\u2013<\/span>Claudia GUERREIRO\n                      <br><span style=\"font-weight: 400; font-size: 16px; font-family: &quot;Open Sans&quot;; color: rgb(102, 102, 102);\">\u2013<\/span>Charlotte MAZOYER\n                      <br><span style=\"font-weight: 400; font-size: 16px; font-family: &quot;Open Sans&quot;; color: rgb(102, 102, 102);\">\u2013<\/span>Rabah HAMLAOUI\n                      <br><span style=\"font-weight: 400; font-size: 16px; font-family: &quot;Open Sans&quot;; color: rgb(102, 102, 102);\">\u2013<\/span>Hafid KACI<\/p>\n                  <\/div>\n                <\/div>\n              <\/div>\n            <\/div>\n          <\/div>\n        <\/div>\n      <\/div>\n    <\/div>\n  <\/div>\n<\/div>","protected":false},"excerpt":{"rendered":"<p>Cindy ANASTASSIOS Directrice Cyril MONTET Coordonnateur p\u00e9dagogique S\u00e9bastien MONTES Coordonnateur r\u00e9f\u00e9rent de parcours RSA \/ Charg\u00e9 de projet Ga\u00eblle BERNE Secr\u00e9taire administrative Accompagnant sociaux : \u2013 Ana\u00efs VIROL \u2013 Charles PINCHART \u2013 Sylvie FRAGNE Formateurs : \u2013 Timoth\u00e9e LOUBIER \u2013 Eric SELMA \u2013 Axelle EQUIS \u2013 Magali FANGET \u2013 Pascale BLONDELLE \u2013 Mich\u00e8le TIBLIER \u2013 [&hellip;]<\/p>\n","protected":false},"author":1,"featured_media":0,"parent":0,"menu_order":0,"comment_status":"closed","ping_status":"closed","template":"page-templates\/full-width-page.php","meta":{"footnotes":""},"class_list":["post-589","page","type-page","status-publish","hentry"],"_links":{"self":[{"href":"https:\/\/www.illiade-formation.fr\/dylan\/index.php?rest_route=\/wp\/v2\/pages\/589","targetHints":{"allow":["GET"]}}],"collection":[{"href":"https:\/\/www.illiade-formation.fr\/dylan\/index.php?rest_route=\/wp\/v2\/pages"}],"about":[{"href":"https:\/\/www.illiade-formation.fr\/dylan\/index.php?rest_route=\/wp\/v2\/types\/page"}],"author":[{"embeddable":true,"href":"https:\/\/www.illiade-formation.fr\/dylan\/index.php?rest_route=\/wp\/v2\/users\/1"}],"replies":[{"embeddable":true,"href":"https:\/\/www.illiade-formation.fr\/dylan\/index.php?rest_route=%2Fwp%2Fv2%2Fcomments&post=589"}],"version-history":[{"count":20,"href":"https:\/\/www.illiade-formation.fr\/dylan\/index.php?rest_route=\/wp\/v2\/pages\/589\/revisions"}],"predecessor-version":[{"id":3394,"href":"https:\/\/www.illiade-formation.fr\/dylan\/index.php?rest_route=\/wp\/v2\/pages\/589\/revisions\/3394"}],"wp:attachment":[{"href":"https:\/\/www.illiade-formation.fr\/dylan\/index.php?rest_route=%2Fwp%2Fv2%2Fmedia&parent=589"}],"curies":[{"name":"wp","href":"https:\/\/api.w.org\/{rel}","templated":true}]}}