{"id":2182,"date":"2022-01-14T09:28:08","date_gmt":"2022-01-14T08:28:08","guid":{"rendered":"https:\/\/www.illiade-formation.fr\/dylan\/?page_id=2182"},"modified":"2025-10-20T10:18:29","modified_gmt":"2025-10-20T08:18:29","slug":"cpf-clea-clea-numerique-2","status":"publish","type":"page","link":"https:\/\/www.illiade-formation.fr\/fr\/cpf-clea-clea-numerique-2\/","title":{"rendered":"CL\u00e9A &#8211; Cl\u00e9A Num\u00e9rique"},"content":{"rendered":"<div class=\"style-736 style-local-2182-c1 position-relative\" data-colibri-id=\"2182-c1\">\n<div id=\"custom\" class=\"h-section h-section-global-spacing d-flex align-items-lg-center align-items-md-center align-items-center style-737 style-local-2182-c2 position-relative\" data-colibri-component=\"section\" data-colibri-id=\"2182-c2\">\n<div class=\"h-section-grid-container h-section-boxed-container\">\n<div class=\"h-row-container gutters-row-lg-2 gutters-row-md-2 gutters-row-0 gutters-row-v-lg-2 gutters-row-v-md-2 gutters-row-v-2 style-738 style-local-2182-c3 position-relative\" data-colibri-id=\"2182-c3\">\n<div class=\"h-row justify-content-lg-center justify-content-md-center justify-content-center align-items-lg-stretch align-items-md-stretch align-items-stretch gutters-col-lg-2 gutters-col-md-2 gutters-col-0 gutters-col-v-lg-2 gutters-col-v-md-2 gutters-col-v-2\">\n<div class=\"h-column h-column-container d-flex h-col-lg-auto h-col-md-auto h-col-auto style-739-outer style-local-2182-c4-outer\">\n<div class=\"d-flex h-flex-basis h-column__inner h-px-lg-2 h-px-md-2 h-px-2 v-inner-lg-2 v-inner-md-2 v-inner-2 style-739 style-local-2182-c4 position-relative\" data-colibri-id=\"2182-c4\">\n<div class=\"w-100 h-y-container h-column__content h-column__v-align flex-basis-100 align-self-lg-start align-self-md-start align-self-start\">\n<div class=\"h-text h-text-component style-740 style-local-2182-c5 position-relative h-element\" data-colibri-id=\"2182-c5\">\n<div class=\"\">\n\n<strong>CPF \u2013 Compte Personnel de Formation :<\/strong>\n\nNous pouvons vous renseigner sur l\u2019ouverture et l\u2019utilisation de votre CPF que vous soyez demandeur d\u2019emploi ou salari\u00e9.\n\nC\u2019est quoi les droits CPF ? Le compte personnel de formation (CPF) est utilisable par tout salari\u00e9 tout au long de sa vie active (y compris en p\u00e9riode de ch\u00f4mage) pour suivre une formation qualifiante ou certifiante. Le CPF a remplac\u00e9 le\u00a0droit\u00a0individuel \u00e0 la formation (Dif).\n\n<\/div>\n<\/div>\n<div class=\"d-block style-746 style-local-2182-c6 position-relative h-element\" data-colibri-id=\"2182-c6\">\n<div class=\"h-image__frame-container-outer\">\n<div class=\"h-image__frame-container\">\n\n<img decoding=\"async\" class=\"style-746-image style-local-2182-c6-image\" src=\"https:\/\/www.illiade-formation.fr\/dylan\/wp-content\/uploads\/2021\/10\/Logo-Cpf-150x150.png\" \/>\n<div class=\"h-image__frame h-hide-lg h-hide-md h-hide-sm style-746-frameImage style-local-2182-c6-frameImage\"><\/div>\n<\/div>\n<\/div>\n<\/div>\n<\/div>\n<\/div>\n<\/div>\n<\/div>\n<\/div>\n<div class=\"h-row-container gutters-row-lg-2 gutters-row-md-2 gutters-row-0 gutters-row-v-lg-2 gutters-row-v-md-2 gutters-row-v-2 style-747 style-local-2182-c7 position-relative\" data-colibri-id=\"2182-c7\">\n<div class=\"h-row justify-content-lg-center justify-content-md-center justify-content-center align-items-lg-stretch align-items-md-stretch align-items-stretch gutters-col-lg-2 gutters-col-md-2 gutters-col-0 gutters-col-v-lg-2 gutters-col-v-md-2 gutters-col-v-2\">\n<div class=\"h-column h-column-container d-flex h-col-lg-auto h-col-md-auto h-col-auto style-748-outer style-local-2182-c8-outer\">\n<div class=\"d-flex h-flex-basis h-column__inner h-px-lg-2 h-px-md-2 h-px-2 v-inner-lg-2 v-inner-md-2 v-inner-2 style-748 style-local-2182-c8 position-relative\" data-colibri-id=\"2182-c8\">\n<div class=\"w-100 h-y-container h-column__content h-column__v-align flex-basis-100 align-self-lg-start align-self-md-start align-self-start\">\n<div class=\"h-text h-text-component style-749 style-local-2182-c9 position-relative h-element\" data-colibri-id=\"2182-c9\">\n<div class=\"\">\n\n<strong>CL\u00c9A et CL\u00e9A Num\u00e9rique :<\/strong>\n\nILLIADE FORMATION est habilit\u00e9\u00a0par FRANCE comp\u00e9tences pour les \u00e9valuations et formations CL\u00c9A (Socle de connaissances et comp\u00e9tences professionnelles) et\u00a0CL\u00c9A num\u00e9rique.\n\nLe certificat professionnel Cl\u00e9A a \u00e9t\u00e9 cr\u00e9\u00e9 pour vous, salari\u00e9 ou demandeur d\u2019emploi. Vous n\u2019avez pas de dipl\u00f4me mais vous avez des connaissances de base ? Vous avez de l\u2019exp\u00e9rience et vous savez travailler ? Vous avez envie d\u2019aller\nplus loin ? Le certificat Cl\u00e9A est fait pour vous, c\u2019est une chance \u00e0 saisir !\n\nLa certification Cl\u00e9A Num\u00e9rique s\u2019adresse \u00e0 toute personne en activit\u00e9 ou en recherche d\u2019emploi souhaitant valoriser aupr\u00e8s des employeurs, sa capacit\u00e9 \u00e0 travailler dans un environnement professionnel impact\u00e9 par les \u00e9volutions li\u00e9es\nau num\u00e9rique.\n\n<\/div>\n<\/div>\n<div class=\"h-row-container gutters-row-lg-2 gutters-row-md-2 gutters-row-0 gutters-row-v-lg-2 gutters-row-v-md-2 gutters-row-v-2 style-754 style-local-2182-c10 position-relative\" data-colibri-id=\"2182-c10\">\n<div class=\"h-row justify-content-lg-center justify-content-md-center justify-content-center align-items-lg-stretch align-items-md-stretch align-items-stretch gutters-col-lg-2 gutters-col-md-2 gutters-col-0 gutters-col-v-lg-2 gutters-col-v-md-2 gutters-col-v-2\">\n<div class=\"h-column h-column-container d-flex h-col-lg-auto h-col-md-auto h-col-auto style-755-outer style-local-2182-c11-outer\">\n<div class=\"d-flex h-flex-basis h-column__inner h-px-lg-2 h-px-md-2 h-px-2 v-inner-lg-2 v-inner-md-2 v-inner-2 style-755 style-local-2182-c11 position-relative\" data-colibri-id=\"2182-c11\">\n<div class=\"w-100 h-y-container h-column__content h-column__v-align flex-basis-100 align-self-lg-start align-self-md-start align-self-start\">\n<div class=\"d-block style-758 style-local-2182-c12 position-relative h-element\" data-colibri-id=\"2182-c12\">\n<div class=\"h-image__frame-container-outer\">\n<div class=\"h-image__frame-container\">\n\n<img decoding=\"async\" class=\"style-758-image style-local-2182-c12-image\" src=\"https:\/\/www.illiade-formation.fr\/dylan\/wp-content\/uploads\/2021\/10\/clea-logo-complet-150x150.png\" \/>\n<div class=\"h-image__frame h-hide-lg h-hide-md h-hide-sm style-758-frameImage style-local-2182-c12-frameImage\"><\/div>\n<\/div>\n<\/div>\n<\/div>\n<\/div>\n<\/div>\n<\/div>\n<div class=\"h-column h-column-container d-flex h-col-lg-auto h-col-md-auto h-col-auto style-756-outer style-local-2182-c13-outer\">\n<div class=\"d-flex h-flex-basis h-column__inner h-px-lg-2 h-px-md-2 h-px-2 v-inner-lg-2 v-inner-md-2 v-inner-2 style-756 style-local-2182-c13 position-relative\" data-colibri-id=\"2182-c13\">\n<div class=\"w-100 h-y-container h-column__content h-column__v-align flex-basis-100 align-self-lg-start align-self-md-start align-self-start\">\n<div class=\"d-block style-762 style-local-2182-c14 position-relative h-element\" data-colibri-id=\"2182-c14\">\n<div class=\"h-image__frame-container-outer\">\n<div class=\"h-image__frame-container\">\n\n<img decoding=\"async\" class=\"style-762-image style-local-2182-c14-image\" src=\"https:\/\/www.illiade-formation.fr\/dylan\/wp-content\/uploads\/2021\/10\/certificat_clea_numerique-150x150.jpg\" \/>\n<div class=\"h-image__frame h-hide-lg h-hide-md h-hide-sm style-762-frameImage style-local-2182-c14-frameImage\"><\/div>\n<\/div>\n<\/div>\n<\/div>\n<\/div>\n<\/div>\n<\/div>\n<div class=\"h-column h-column-container d-flex h-col-lg-auto h-col-md-auto h-col-auto style-761-outer style-local-2182-c15-outer\">\n<div class=\"d-flex h-flex-basis h-column__inner h-px-lg-2 h-px-md-2 h-px-2 v-inner-lg-2 v-inner-md-2 v-inner-2 style-761 style-local-2182-c15 position-relative\" data-colibri-id=\"2182-c15\">\n<div class=\"w-100 h-y-container h-column__content h-column__v-align flex-basis-100 align-self-lg-start align-self-md-start align-self-start\">\n<div class=\"d-block style-764 style-local-2182-c16 position-relative h-element\" data-colibri-id=\"2182-c16\">\n<div class=\"h-image__frame-container-outer\">\n<div class=\"h-image__frame-container\">\n\n<img decoding=\"async\" class=\"style-764-image style-local-2182-c16-image\" src=\"https:\/\/www.illiade-formation.fr\/fr\/wp-content\/uploads\/2022\/01\/francecompetences_nor-1-150x150.png\" \/>\n<div class=\"h-image__frame h-hide-lg h-hide-md h-hide-sm style-764-frameImage style-local-2182-c16-frameImage\"><\/div>\n<\/div>\n<\/div>\n<\/div>\n<\/div>\n<\/div>\n<\/div>\n<\/div>\n<\/div>\n<\/div>\n<\/div>\n<\/div>\n<\/div>\n<\/div>\n<\/div>\n<\/div>\n<\/div>","protected":false},"excerpt":{"rendered":"<p>CPF \u2013 Compte Personnel de Formation : Nous pouvons vous renseigner sur l\u2019ouverture et l\u2019utilisation de votre CPF que vous soyez demandeur d\u2019emploi ou salari\u00e9. C\u2019est quoi les droits CPF ? Le compte personnel de formation (CPF) est utilisable par tout salari\u00e9 tout au long de sa vie active (y compris en p\u00e9riode de ch\u00f4mage) [&hellip;]<\/p>\n","protected":false},"author":1,"featured_media":0,"parent":0,"menu_order":0,"comment_status":"closed","ping_status":"closed","template":"page-templates\/full-width-page.php","meta":{"footnotes":""},"class_list":["post-2182","page","type-page","status-publish","hentry"],"yoast_head":"<!-- This site is optimized with the Yoast SEO plugin v23.0 - https:\/\/yoast.com\/wordpress\/plugins\/seo\/ -->\n<title>CL\u00e9A - Cl\u00e9A Num\u00e9rique - Illiade Formation<\/title>\n<meta name=\"robots\" content=\"index, follow, max-snippet:-1, max-image-preview:large, max-video-preview:-1\" \/>\n<link rel=\"canonical\" href=\"https:\/\/www.illiade-formation.fr\/fr\/cpf-clea-clea-numerique-2\/\" \/>\n<meta property=\"og:locale\" content=\"fr_FR\" \/>\n<meta property=\"og:type\" content=\"article\" \/>\n<meta property=\"og:title\" content=\"CL\u00e9A - Cl\u00e9A Num\u00e9rique - Illiade Formation\" \/>\n<meta property=\"og:description\" content=\"CPF \u2013 Compte Personnel de Formation : Nous pouvons vous renseigner sur l\u2019ouverture et l\u2019utilisation de votre CPF que vous soyez demandeur d\u2019emploi ou salari\u00e9. C\u2019est quoi les droits CPF ? Le compte personnel de formation (CPF) est utilisable par tout salari\u00e9 tout au long de sa vie active (y compris en p\u00e9riode de ch\u00f4mage) [&hellip;]\" \/>\n<meta property=\"og:url\" content=\"https:\/\/www.illiade-formation.fr\/fr\/cpf-clea-clea-numerique-2\/\" \/>\n<meta property=\"og:site_name\" content=\"Illiade Formation\" \/>\n<meta property=\"article:publisher\" content=\"https:\/\/www.facebook.com\/Illiadeformation42\" \/>\n<meta property=\"article:modified_time\" content=\"2025-10-20T08:18:29+00:00\" \/>\n<meta property=\"og:image\" content=\"https:\/\/www.illiade-formation.fr\/dylan\/wp-content\/uploads\/2021\/10\/Logo-Cpf-150x150.png\" \/>\n<meta name=\"twitter:card\" content=\"summary_large_image\" \/>\n<meta name=\"twitter:site\" content=\"@illiadef\" \/>\n<meta name=\"twitter:label1\" content=\"Dur\u00e9e de lecture estim\u00e9e\" \/>\n\t<meta name=\"twitter:data1\" content=\"2 minutes\" \/>\n<script type=\"application\/ld+json\" class=\"yoast-schema-graph\">{\"@context\":\"https:\/\/schema.org\",\"@graph\":[{\"@type\":\"WebPage\",\"@id\":\"https:\/\/www.illiade-formation.fr\/fr\/cpf-clea-clea-numerique-2\/\",\"url\":\"https:\/\/www.illiade-formation.fr\/fr\/cpf-clea-clea-numerique-2\/\",\"name\":\"CL\u00e9A - Cl\u00e9A Num\u00e9rique - Illiade Formation\",\"isPartOf\":{\"@id\":\"https:\/\/www.illiade-formation.fr\/fr\/#website\"},\"primaryImageOfPage\":{\"@id\":\"https:\/\/www.illiade-formation.fr\/fr\/cpf-clea-clea-numerique-2\/#primaryimage\"},\"image\":{\"@id\":\"https:\/\/www.illiade-formation.fr\/fr\/cpf-clea-clea-numerique-2\/#primaryimage\"},\"thumbnailUrl\":\"https:\/\/www.illiade-formation.fr\/dylan\/wp-content\/uploads\/2021\/10\/Logo-Cpf-150x150.png\",\"datePublished\":\"2022-01-14T08:28:08+00:00\",\"dateModified\":\"2025-10-20T08:18:29+00:00\",\"breadcrumb\":{\"@id\":\"https:\/\/www.illiade-formation.fr\/fr\/cpf-clea-clea-numerique-2\/#breadcrumb\"},\"inLanguage\":\"fr-FR\",\"potentialAction\":[{\"@type\":\"ReadAction\",\"target\":[\"https:\/\/www.illiade-formation.fr\/fr\/cpf-clea-clea-numerique-2\/\"]}]},{\"@type\":\"ImageObject\",\"inLanguage\":\"fr-FR\",\"@id\":\"https:\/\/www.illiade-formation.fr\/fr\/cpf-clea-clea-numerique-2\/#primaryimage\",\"url\":\"https:\/\/www.illiade-formation.fr\/dylan\/wp-content\/uploads\/2021\/10\/Logo-Cpf-150x150.png\",\"contentUrl\":\"https:\/\/www.illiade-formation.fr\/dylan\/wp-content\/uploads\/2021\/10\/Logo-Cpf-150x150.png\"},{\"@type\":\"BreadcrumbList\",\"@id\":\"https:\/\/www.illiade-formation.fr\/fr\/cpf-clea-clea-numerique-2\/#breadcrumb\",\"itemListElement\":[{\"@type\":\"ListItem\",\"position\":1,\"name\":\"Accueil\",\"item\":\"https:\/\/www.illiade-formation.fr\/fr\/\"},{\"@type\":\"ListItem\",\"position\":2,\"name\":\"CL\u00e9A &#8211; Cl\u00e9A Num\u00e9rique\"}]},{\"@type\":\"WebSite\",\"@id\":\"https:\/\/www.illiade-formation.fr\/fr\/#website\",\"url\":\"https:\/\/www.illiade-formation.fr\/fr\/\",\"name\":\"Illiade Formation\",\"description\":\"Ensemble, allons plus loin\",\"publisher\":{\"@id\":\"https:\/\/www.illiade-formation.fr\/fr\/#organization\"},\"potentialAction\":[{\"@type\":\"SearchAction\",\"target\":{\"@type\":\"EntryPoint\",\"urlTemplate\":\"https:\/\/www.illiade-formation.fr\/fr\/?s={search_term_string}\"},\"query-input\":\"required name=search_term_string\"}],\"inLanguage\":\"fr-FR\"},{\"@type\":\"Organization\",\"@id\":\"https:\/\/www.illiade-formation.fr\/fr\/#organization\",\"name\":\"Illiade Formation\",\"url\":\"https:\/\/www.illiade-formation.fr\/fr\/\",\"logo\":{\"@type\":\"ImageObject\",\"inLanguage\":\"fr-FR\",\"@id\":\"https:\/\/www.illiade-formation.fr\/fr\/#\/schema\/logo\/image\/\",\"url\":\"https:\/\/www.illiade-formation.fr\/fr\/wp-content\/uploads\/2022\/06\/Logo-250px.png\",\"contentUrl\":\"https:\/\/www.illiade-formation.fr\/fr\/wp-content\/uploads\/2022\/06\/Logo-250px.png\",\"width\":250,\"height\":250,\"caption\":\"Illiade Formation\"},\"image\":{\"@id\":\"https:\/\/www.illiade-formation.fr\/fr\/#\/schema\/logo\/image\/\"},\"sameAs\":[\"https:\/\/www.facebook.com\/Illiadeformation42\",\"https:\/\/x.com\/illiadef\",\"https:\/\/www.instagram.com\/illiade_formation\/\"]}]}<\/script>\n<!-- \/ Yoast SEO plugin. -->","yoast_head_json":{"title":"CL\u00e9A - Cl\u00e9A Num\u00e9rique - Illiade Formation","robots":{"index":"index","follow":"follow","max-snippet":"max-snippet:-1","max-image-preview":"max-image-preview:large","max-video-preview":"max-video-preview:-1"},"canonical":"https:\/\/www.illiade-formation.fr\/fr\/cpf-clea-clea-numerique-2\/","og_locale":"fr_FR","og_type":"article","og_title":"CL\u00e9A - Cl\u00e9A Num\u00e9rique - Illiade Formation","og_description":"CPF \u2013 Compte Personnel de Formation : Nous pouvons vous renseigner sur l\u2019ouverture et l\u2019utilisation de votre CPF que vous soyez demandeur d\u2019emploi ou salari\u00e9. C\u2019est quoi les droits CPF ? Le compte personnel de formation (CPF) est utilisable par tout salari\u00e9 tout au long de sa vie active (y compris en p\u00e9riode de ch\u00f4mage) [&hellip;]","og_url":"https:\/\/www.illiade-formation.fr\/fr\/cpf-clea-clea-numerique-2\/","og_site_name":"Illiade Formation","article_publisher":"https:\/\/www.facebook.com\/Illiadeformation42","article_modified_time":"2025-10-20T08:18:29+00:00","og_image":[{"url":"https:\/\/www.illiade-formation.fr\/dylan\/wp-content\/uploads\/2021\/10\/Logo-Cpf-150x150.png"}],"twitter_card":"summary_large_image","twitter_site":"@illiadef","twitter_misc":{"Dur\u00e9e de lecture estim\u00e9e":"2 minutes"},"schema":{"@context":"https:\/\/schema.org","@graph":[{"@type":"WebPage","@id":"https:\/\/www.illiade-formation.fr\/fr\/cpf-clea-clea-numerique-2\/","url":"https:\/\/www.illiade-formation.fr\/fr\/cpf-clea-clea-numerique-2\/","name":"CL\u00e9A - Cl\u00e9A Num\u00e9rique - Illiade Formation","isPartOf":{"@id":"https:\/\/www.illiade-formation.fr\/fr\/#website"},"primaryImageOfPage":{"@id":"https:\/\/www.illiade-formation.fr\/fr\/cpf-clea-clea-numerique-2\/#primaryimage"},"image":{"@id":"https:\/\/www.illiade-formation.fr\/fr\/cpf-clea-clea-numerique-2\/#primaryimage"},"thumbnailUrl":"https:\/\/www.illiade-formation.fr\/dylan\/wp-content\/uploads\/2021\/10\/Logo-Cpf-150x150.png","datePublished":"2022-01-14T08:28:08+00:00","dateModified":"2025-10-20T08:18:29+00:00","breadcrumb":{"@id":"https:\/\/www.illiade-formation.fr\/fr\/cpf-clea-clea-numerique-2\/#breadcrumb"},"inLanguage":"fr-FR","potentialAction":[{"@type":"ReadAction","target":["https:\/\/www.illiade-formation.fr\/fr\/cpf-clea-clea-numerique-2\/"]}]},{"@type":"ImageObject","inLanguage":"fr-FR","@id":"https:\/\/www.illiade-formation.fr\/fr\/cpf-clea-clea-numerique-2\/#primaryimage","url":"https:\/\/www.illiade-formation.fr\/dylan\/wp-content\/uploads\/2021\/10\/Logo-Cpf-150x150.png","contentUrl":"https:\/\/www.illiade-formation.fr\/dylan\/wp-content\/uploads\/2021\/10\/Logo-Cpf-150x150.png"},{"@type":"BreadcrumbList","@id":"https:\/\/www.illiade-formation.fr\/fr\/cpf-clea-clea-numerique-2\/#breadcrumb","itemListElement":[{"@type":"ListItem","position":1,"name":"Accueil","item":"https:\/\/www.illiade-formation.fr\/fr\/"},{"@type":"ListItem","position":2,"name":"CL\u00e9A &#8211; Cl\u00e9A Num\u00e9rique"}]},{"@type":"WebSite","@id":"https:\/\/www.illiade-formation.fr\/fr\/#website","url":"https:\/\/www.illiade-formation.fr\/fr\/","name":"Illiade Formation","description":"Ensemble, allons plus loin","publisher":{"@id":"https:\/\/www.illiade-formation.fr\/fr\/#organization"},"potentialAction":[{"@type":"SearchAction","target":{"@type":"EntryPoint","urlTemplate":"https:\/\/www.illiade-formation.fr\/fr\/?s={search_term_string}"},"query-input":"required name=search_term_string"}],"inLanguage":"fr-FR"},{"@type":"Organization","@id":"https:\/\/www.illiade-formation.fr\/fr\/#organization","name":"Illiade Formation","url":"https:\/\/www.illiade-formation.fr\/fr\/","logo":{"@type":"ImageObject","inLanguage":"fr-FR","@id":"https:\/\/www.illiade-formation.fr\/fr\/#\/schema\/logo\/image\/","url":"https:\/\/www.illiade-formation.fr\/fr\/wp-content\/uploads\/2022\/06\/Logo-250px.png","contentUrl":"https:\/\/www.illiade-formation.fr\/fr\/wp-content\/uploads\/2022\/06\/Logo-250px.png","width":250,"height":250,"caption":"Illiade Formation"},"image":{"@id":"https:\/\/www.illiade-formation.fr\/fr\/#\/schema\/logo\/image\/"},"sameAs":["https:\/\/www.facebook.com\/Illiadeformation42","https:\/\/x.com\/illiadef","https:\/\/www.instagram.com\/illiade_formation\/"]}]}},"_links":{"self":[{"href":"https:\/\/www.illiade-formation.fr\/fr\/wp-json\/wp\/v2\/pages\/2182","targetHints":{"allow":["GET"]}}],"collection":[{"href":"https:\/\/www.illiade-formation.fr\/fr\/wp-json\/wp\/v2\/pages"}],"about":[{"href":"https:\/\/www.illiade-formation.fr\/fr\/wp-json\/wp\/v2\/types\/page"}],"author":[{"embeddable":true,"href":"https:\/\/www.illiade-formation.fr\/fr\/wp-json\/wp\/v2\/users\/1"}],"replies":[{"embeddable":true,"href":"https:\/\/www.illiade-formation.fr\/fr\/wp-json\/wp\/v2\/comments?post=2182"}],"version-history":[{"count":3,"href":"https:\/\/www.illiade-formation.fr\/fr\/wp-json\/wp\/v2\/pages\/2182\/revisions"}],"predecessor-version":[{"id":6847,"href":"https:\/\/www.illiade-formation.fr\/fr\/wp-json\/wp\/v2\/pages\/2182\/revisions\/6847"}],"wp:attachment":[{"href":"https:\/\/www.illiade-formation.fr\/fr\/wp-json\/wp\/v2\/media?parent=2182"}],"curies":[{"name":"wp","href":"https:\/\/api.w.org\/{rel}","templated":true}]}}