{"id":3246,"date":"2022-03-21T11:29:37","date_gmt":"2022-03-21T10:29:37","guid":{"rendered":"https:\/\/www.illiade-formation.fr\/dylan\/?page_id=3246"},"modified":"2022-07-01T12:02:20","modified_gmt":"2022-07-01T10:02:20","slug":"questionnaires-de-satisfaction","status":"publish","type":"page","link":"https:\/\/www.illiade-formation.fr\/fr\/questionnaires-de-satisfaction\/","title":{"rendered":"Questionnaire de Satisfaction"},"content":{"rendered":"\n<h2 class=\"has-text-align-center wp-block-heading\"><strong><sub>Vous \u00eates stagiaire et en fin de formation ?<\/sub><\/strong><\/h2>\n\n\n\n<h4 class=\"has-text-align-center has-colibri-color-6-color has-text-color wp-block-heading\"><sub style=\"\"><b><br>Votre avis nous int\u00e9resse !<\/b><\/sub><\/h4>\n\n\n\n<p class=\"has-text-align-center has-colibri-color-6-color has-text-color has-medium-font-size\"><sub style=\"\"><b><sub><strong>Retrouvez le questionnaire de <\/strong><\/sub><strong><sub>satisfaction stagiaire en cliquant sur le bouton suivant :<\/sub><\/strong><\/b><\/sub><\/p>\n\n\n\n<div class=\"wp-block-buttons is-layout-flex wp-block-buttons-is-layout-flex\">\n<div class=\"wp-block-button aligncenter\"><a class=\"wp-block-button__link has-background\" href=\"https:\/\/forms.gle\/ZJQ3YM2uQ4BGdbtR8\" style=\"border-radius:0px;background-color:#8ac052\" target=\"_blank\" rel=\"noreferrer noopener\">Formulaire Stagiaire <\/a><\/div>\n<\/div>\n\n\n\n<div style=\"height:100px\" aria-hidden=\"true\" class=\"wp-block-spacer\"><\/div>\n\n\n\n<h2 class=\"has-text-align-center wp-block-heading\"><strong><sub>Vous \u00eates formateur ?<\/sub><\/strong><\/h2>\n\n\n\n<h4 class=\"has-text-align-center has-colibri-color-6-color has-text-color wp-block-heading\"><sub style=\"\"><b><br>Votre avis nous int\u00e9resse !<\/b><\/sub><\/h4>\n\n\n\n<p class=\"has-text-align-center has-colibri-color-6-color has-text-color has-medium-font-size\"><sub style=\"\"><b><sub><strong>Retrouvez le questionnaire d<\/strong><\/sub><strong><sub>e bilan de formation &#8211; Formateur<\/sub><\/strong><strong><sub> <\/sub><\/strong><strong><sub>en cliquant sur le bouton suivant :<\/sub><\/strong><\/b><\/sub><\/p>\n\n\n\n<div class=\"wp-block-buttons is-layout-flex wp-block-buttons-is-layout-flex\">\n<div class=\"wp-block-button aligncenter\"><a class=\"wp-block-button__link has-background\" href=\"https:\/\/forms.gle\/fnN824QfahuKydUL9\" style=\"border-radius:0px;background-color:#8ac052\" target=\"_blank\" rel=\"noreferrer noopener\">Formulaire Formateur<\/a><\/div>\n<\/div>\n\n\n\n<div style=\"height:100px\" aria-hidden=\"true\" class=\"wp-block-spacer\"><\/div>\n\n\n\n<h2 class=\"has-text-align-center wp-block-heading\"><strong><sub>Vous \u00eates un client ILLIADE FORMATION , un financeur ?<\/sub><\/strong><\/h2>\n\n\n\n<p class=\"has-text-align-center has-colibri-color-6-color has-text-color\"><strong><sub>Votre avis nous int\u00e9resse !<\/sub><\/strong><\/p>\n\n\n\n<p class=\"has-text-align-center has-colibri-color-6-color has-text-color\"><strong><sub><br>Retrouvez le questionnaire en cliquant sur le bouton suivant :  Questionnaire de Satisfaction &#8211; Clients Financeurs<\/sub><\/strong><\/p>\n\n\n\n<div class=\"wp-block-buttons is-layout-flex wp-block-buttons-is-layout-flex\">\n<div class=\"wp-block-button aligncenter\"><a class=\"wp-block-button__link has-background\" href=\"https:\/\/forms.gle\/9ennLzmeRpqCh3mW9\" style=\"border-radius:0px;background-color:#8ac052\" target=\"_blank\" rel=\"noreferrer noopener\">Formulaire clients \/ financeurs<\/a><\/div>\n<\/div>\n\n\n\n<div style=\"height:100px\" aria-hidden=\"true\" class=\"wp-block-spacer\"><\/div>\n\n\n\n<h2 class=\"has-text-align-center wp-block-heading\"><strong><sub>Vous \u00eates Prescripteur ?<\/sub><\/strong><\/h2>\n\n\n\n<p class=\"has-text-align-center has-colibri-color-6-color has-text-color\"><strong><sub>Votre avis nous int\u00e9resse !<\/sub><\/strong><\/p>\n\n\n\n<p class=\"has-text-align-center has-colibri-color-6-color has-text-color\"><sub><br><strong>Retrouvez le questionnaire en cliquant sur le bouton suivant : Questionnaire de Satisfaction &#8211; Prescripteur<\/strong><\/sub><\/p>\n\n\n\n<div class=\"wp-block-buttons is-layout-flex wp-block-buttons-is-layout-flex\">\n<div class=\"wp-block-button aligncenter\"><a class=\"wp-block-button__link has-background\" href=\"https:\/\/forms.gle\/V5fokCEqPB6yp58v8\" style=\"border-radius:0px;background-color:#8ac052\" target=\"_blank\" rel=\"noreferrer noopener\">Formulaire prescripteur<\/a><\/div>\n<\/div>\n","protected":false},"excerpt":{"rendered":"<p>Vous \u00eates stagiaire et en fin de formation ? Votre avis nous int\u00e9resse ! Retrouvez le questionnaire de satisfaction stagiaire en cliquant sur le bouton suivant : Vous \u00eates formateur ? Votre avis nous int\u00e9resse ! Retrouvez le questionnaire de bilan de formation &#8211; Formateur en cliquant sur le bouton suivant : Vous \u00eates un [&hellip;]<\/p>\n","protected":false},"author":1,"featured_media":0,"parent":0,"menu_order":0,"comment_status":"closed","ping_status":"closed","template":"","meta":{"footnotes":""},"class_list":["post-3246","page","type-page","status-publish","hentry"],"yoast_head":"<!-- This site is optimized with the Yoast SEO plugin v23.0 - https:\/\/yoast.com\/wordpress\/plugins\/seo\/ -->\n<title>Questionnaire de Satisfaction - Illiade Formation<\/title>\n<meta name=\"robots\" content=\"index, follow, max-snippet:-1, max-image-preview:large, max-video-preview:-1\" \/>\n<link rel=\"canonical\" href=\"https:\/\/www.illiade-formation.fr\/fr\/questionnaires-de-satisfaction\/\" \/>\n<meta property=\"og:locale\" content=\"fr_FR\" \/>\n<meta property=\"og:type\" content=\"article\" \/>\n<meta property=\"og:title\" content=\"Questionnaire de Satisfaction - Illiade Formation\" \/>\n<meta property=\"og:description\" content=\"Vous \u00eates stagiaire et en fin de formation ? Votre avis nous int\u00e9resse ! Retrouvez le questionnaire de satisfaction stagiaire en cliquant sur le bouton suivant : Vous \u00eates formateur ? Votre avis nous int\u00e9resse ! Retrouvez le questionnaire de bilan de formation &#8211; Formateur en cliquant sur le bouton suivant : Vous \u00eates un [&hellip;]\" \/>\n<meta property=\"og:url\" content=\"https:\/\/www.illiade-formation.fr\/fr\/questionnaires-de-satisfaction\/\" \/>\n<meta property=\"og:site_name\" content=\"Illiade Formation\" \/>\n<meta property=\"article:publisher\" content=\"https:\/\/www.facebook.com\/Illiadeformation42\" \/>\n<meta property=\"article:modified_time\" content=\"2022-07-01T10:02:20+00:00\" \/>\n<meta name=\"twitter:card\" content=\"summary_large_image\" \/>\n<meta name=\"twitter:site\" content=\"@illiadef\" \/>\n<meta name=\"twitter:label1\" content=\"Dur\u00e9e de lecture estim\u00e9e\" \/>\n\t<meta name=\"twitter:data1\" content=\"1 minute\" \/>\n<script type=\"application\/ld+json\" class=\"yoast-schema-graph\">{\"@context\":\"https:\/\/schema.org\",\"@graph\":[{\"@type\":\"WebPage\",\"@id\":\"https:\/\/www.illiade-formation.fr\/fr\/questionnaires-de-satisfaction\/\",\"url\":\"https:\/\/www.illiade-formation.fr\/fr\/questionnaires-de-satisfaction\/\",\"name\":\"Questionnaire de Satisfaction - Illiade Formation\",\"isPartOf\":{\"@id\":\"https:\/\/www.illiade-formation.fr\/fr\/#website\"},\"datePublished\":\"2022-03-21T10:29:37+00:00\",\"dateModified\":\"2022-07-01T10:02:20+00:00\",\"breadcrumb\":{\"@id\":\"https:\/\/www.illiade-formation.fr\/fr\/questionnaires-de-satisfaction\/#breadcrumb\"},\"inLanguage\":\"fr-FR\",\"potentialAction\":[{\"@type\":\"ReadAction\",\"target\":[\"https:\/\/www.illiade-formation.fr\/fr\/questionnaires-de-satisfaction\/\"]}]},{\"@type\":\"BreadcrumbList\",\"@id\":\"https:\/\/www.illiade-formation.fr\/fr\/questionnaires-de-satisfaction\/#breadcrumb\",\"itemListElement\":[{\"@type\":\"ListItem\",\"position\":1,\"name\":\"Accueil\",\"item\":\"https:\/\/www.illiade-formation.fr\/fr\/\"},{\"@type\":\"ListItem\",\"position\":2,\"name\":\"Questionnaire de Satisfaction\"}]},{\"@type\":\"WebSite\",\"@id\":\"https:\/\/www.illiade-formation.fr\/fr\/#website\",\"url\":\"https:\/\/www.illiade-formation.fr\/fr\/\",\"name\":\"Illiade Formation\",\"description\":\"Ensemble, allons plus loin\",\"publisher\":{\"@id\":\"https:\/\/www.illiade-formation.fr\/fr\/#organization\"},\"potentialAction\":[{\"@type\":\"SearchAction\",\"target\":{\"@type\":\"EntryPoint\",\"urlTemplate\":\"https:\/\/www.illiade-formation.fr\/fr\/?s={search_term_string}\"},\"query-input\":\"required name=search_term_string\"}],\"inLanguage\":\"fr-FR\"},{\"@type\":\"Organization\",\"@id\":\"https:\/\/www.illiade-formation.fr\/fr\/#organization\",\"name\":\"Illiade Formation\",\"url\":\"https:\/\/www.illiade-formation.fr\/fr\/\",\"logo\":{\"@type\":\"ImageObject\",\"inLanguage\":\"fr-FR\",\"@id\":\"https:\/\/www.illiade-formation.fr\/fr\/#\/schema\/logo\/image\/\",\"url\":\"https:\/\/www.illiade-formation.fr\/fr\/wp-content\/uploads\/2022\/06\/Logo-250px.png\",\"contentUrl\":\"https:\/\/www.illiade-formation.fr\/fr\/wp-content\/uploads\/2022\/06\/Logo-250px.png\",\"width\":250,\"height\":250,\"caption\":\"Illiade Formation\"},\"image\":{\"@id\":\"https:\/\/www.illiade-formation.fr\/fr\/#\/schema\/logo\/image\/\"},\"sameAs\":[\"https:\/\/www.facebook.com\/Illiadeformation42\",\"https:\/\/x.com\/illiadef\",\"https:\/\/www.instagram.com\/illiade_formation\/\"]}]}<\/script>\n<!-- \/ Yoast SEO plugin. -->","yoast_head_json":{"title":"Questionnaire de Satisfaction - Illiade Formation","robots":{"index":"index","follow":"follow","max-snippet":"max-snippet:-1","max-image-preview":"max-image-preview:large","max-video-preview":"max-video-preview:-1"},"canonical":"https:\/\/www.illiade-formation.fr\/fr\/questionnaires-de-satisfaction\/","og_locale":"fr_FR","og_type":"article","og_title":"Questionnaire de Satisfaction - Illiade Formation","og_description":"Vous \u00eates stagiaire et en fin de formation ? Votre avis nous int\u00e9resse ! Retrouvez le questionnaire de satisfaction stagiaire en cliquant sur le bouton suivant : Vous \u00eates formateur ? Votre avis nous int\u00e9resse ! Retrouvez le questionnaire de bilan de formation &#8211; Formateur en cliquant sur le bouton suivant : Vous \u00eates un [&hellip;]","og_url":"https:\/\/www.illiade-formation.fr\/fr\/questionnaires-de-satisfaction\/","og_site_name":"Illiade Formation","article_publisher":"https:\/\/www.facebook.com\/Illiadeformation42","article_modified_time":"2022-07-01T10:02:20+00:00","twitter_card":"summary_large_image","twitter_site":"@illiadef","twitter_misc":{"Dur\u00e9e de lecture estim\u00e9e":"1 minute"},"schema":{"@context":"https:\/\/schema.org","@graph":[{"@type":"WebPage","@id":"https:\/\/www.illiade-formation.fr\/fr\/questionnaires-de-satisfaction\/","url":"https:\/\/www.illiade-formation.fr\/fr\/questionnaires-de-satisfaction\/","name":"Questionnaire de Satisfaction - Illiade Formation","isPartOf":{"@id":"https:\/\/www.illiade-formation.fr\/fr\/#website"},"datePublished":"2022-03-21T10:29:37+00:00","dateModified":"2022-07-01T10:02:20+00:00","breadcrumb":{"@id":"https:\/\/www.illiade-formation.fr\/fr\/questionnaires-de-satisfaction\/#breadcrumb"},"inLanguage":"fr-FR","potentialAction":[{"@type":"ReadAction","target":["https:\/\/www.illiade-formation.fr\/fr\/questionnaires-de-satisfaction\/"]}]},{"@type":"BreadcrumbList","@id":"https:\/\/www.illiade-formation.fr\/fr\/questionnaires-de-satisfaction\/#breadcrumb","itemListElement":[{"@type":"ListItem","position":1,"name":"Accueil","item":"https:\/\/www.illiade-formation.fr\/fr\/"},{"@type":"ListItem","position":2,"name":"Questionnaire de Satisfaction"}]},{"@type":"WebSite","@id":"https:\/\/www.illiade-formation.fr\/fr\/#website","url":"https:\/\/www.illiade-formation.fr\/fr\/","name":"Illiade Formation","description":"Ensemble, allons plus loin","publisher":{"@id":"https:\/\/www.illiade-formation.fr\/fr\/#organization"},"potentialAction":[{"@type":"SearchAction","target":{"@type":"EntryPoint","urlTemplate":"https:\/\/www.illiade-formation.fr\/fr\/?s={search_term_string}"},"query-input":"required name=search_term_string"}],"inLanguage":"fr-FR"},{"@type":"Organization","@id":"https:\/\/www.illiade-formation.fr\/fr\/#organization","name":"Illiade Formation","url":"https:\/\/www.illiade-formation.fr\/fr\/","logo":{"@type":"ImageObject","inLanguage":"fr-FR","@id":"https:\/\/www.illiade-formation.fr\/fr\/#\/schema\/logo\/image\/","url":"https:\/\/www.illiade-formation.fr\/fr\/wp-content\/uploads\/2022\/06\/Logo-250px.png","contentUrl":"https:\/\/www.illiade-formation.fr\/fr\/wp-content\/uploads\/2022\/06\/Logo-250px.png","width":250,"height":250,"caption":"Illiade Formation"},"image":{"@id":"https:\/\/www.illiade-formation.fr\/fr\/#\/schema\/logo\/image\/"},"sameAs":["https:\/\/www.facebook.com\/Illiadeformation42","https:\/\/x.com\/illiadef","https:\/\/www.instagram.com\/illiade_formation\/"]}]}},"_links":{"self":[{"href":"https:\/\/www.illiade-formation.fr\/fr\/wp-json\/wp\/v2\/pages\/3246","targetHints":{"allow":["GET"]}}],"collection":[{"href":"https:\/\/www.illiade-formation.fr\/fr\/wp-json\/wp\/v2\/pages"}],"about":[{"href":"https:\/\/www.illiade-formation.fr\/fr\/wp-json\/wp\/v2\/types\/page"}],"author":[{"embeddable":true,"href":"https:\/\/www.illiade-formation.fr\/fr\/wp-json\/wp\/v2\/users\/1"}],"replies":[{"embeddable":true,"href":"https:\/\/www.illiade-formation.fr\/fr\/wp-json\/wp\/v2\/comments?post=3246"}],"version-history":[{"count":6,"href":"https:\/\/www.illiade-formation.fr\/fr\/wp-json\/wp\/v2\/pages\/3246\/revisions"}],"predecessor-version":[{"id":5720,"href":"https:\/\/www.illiade-formation.fr\/fr\/wp-json\/wp\/v2\/pages\/3246\/revisions\/5720"}],"wp:attachment":[{"href":"https:\/\/www.illiade-formation.fr\/fr\/wp-json\/wp\/v2\/media?parent=3246"}],"curies":[{"name":"wp","href":"https:\/\/api.w.org\/{rel}","templated":true}]}}